{"id":869,"date":"2025-07-03T16:14:25","date_gmt":"2025-07-03T14:14:25","guid":{"rendered":"https:\/\/museum-villa-medica.de\/?page_id=869"},"modified":"2025-07-09T07:38:05","modified_gmt":"2025-07-09T05:38:05","slug":"welkom-bij-de-foerderkreis-medizin-und-apothekenmuseum-e-v","status":"publish","type":"page","link":"https:\/\/museum-villa-medica.de\/nl\/welkom-bij-de-foerderkreis-medizin-und-apothekenmuseum-e-v\/","title":{"rendered":"Welkom bij de F\u00f6rderkreis Medizin- und Apothekenmuseum e.V."},"content":{"rendered":"\n<h2 class=\"wp-block-heading\"><strong>Vrienden van het museum zetten zich in voor Villa Medica<\/strong><\/h2>\n\n<p>Een levendig museum heeft veel supporters en sponsors nodig. Daarom werd in 2014 de <br\/>&#8220;F\u00f6rderkreis Medizin- und Apothekenmuseum e.V.&#8221;. opgericht. Zij ondersteunt het museum met financi\u00eble middelen, advies en vrijwilligerswerk.  <\/p>\n\n<p>De F\u00f6rderkreis ondersteunt het culturele programma in Villa Medica. Sinds de heropening in de zomer van 2025 is het spectrum uitgebreid: Naast de permanente tentoonstelling over medische geschiedenis en de vele speciale tentoonstellingen over verschillende onderwerpen uit kunst, cultuur en geschiedenis, omvat dit nu ook de &#8220;Oude Molen&#8221;. Het is een plek voor communicatie en onderwijs, waar vaklezingen kunnen worden gehouden en experimentele programma&#8217;s voor schoolklassen kunnen worden uitgevoerd.  <\/p>\n\n<p>De verschillende facetten van het programma maken van de Villa Medica een belangrijke culturele locatie in Rhede, die ook buiten de stadsgrenzen van belang is. Vrienden van het museum in de vriendenvereniging leveren daarom ook een waardevolle bijdrage aan de samenleving van de stad. <\/p>\n\n<p>Het is de moeite waard om een jaarlijkse bijdrage te betalen voor het behoud en de ontwikkeling van ons museum, minstens \u20ac30,00, of meer als u dat wilt. We verwelkomen ook donaties en sponsoring. Lidmaatschapsgeld en donaties zijn aftrekbaar van de belasting.  <\/p>\n\n<p><\/p>\n\n<p><a href=\"https:\/\/museum-villa-medica.de\/wp-content\/uploads\/2025\/06\/foerderkreis-aufnahmeantrag-2020.pdf\" target=\"_blank\" rel=\"noreferrer noopener nofollow\">Klik hier voor de lidmaatschapsaanvraag<\/a><\/p>\n\n<p><\/p>\n\n<p><strong>Donatierekeningen:<\/strong><\/p>\n\n<p><strong>bij Volksbank Rhede e.G.<\/strong><\/p>\n\n<p>IBAN: DE14 4286 1814 0048 4738 00<\/p>\n\n<p>BIC: GENODEM1RHD<\/p>\n\n<p><strong>bij Sparkasse Westm\u00fcnsterland<\/strong><\/p>\n\n<p>IBAN: DE36 4015 4530 0037 4557 63<\/p>\n\n<p>BIC: WELADE3WXXX<\/p>\n\n<p><\/p>\n\n<h2 class=\"wp-block-heading\">Bestuur van de sponsororganisatie<\/h2>\n\n<figure class=\"wp-block-table is-style-stripes has-medium-font-size\"><table><tbody><tr><td>1e Voorzitter:<\/td><td><em>vacant<\/em><\/td><\/tr><tr><td>Vice-voorzitter en penningmeester: <\/td><td>Paul Regniet<\/td><\/tr><tr><td>Assessor:<\/td><td>Friederike Br\u00fcgelmann<\/td><\/tr><tr><td><\/td><td>Dr. Georg Kentrup<\/td><\/tr><tr><td><\/td><td>Gerhard Schaffeld<\/td><\/tr><tr><td><\/td><td>Roland Schulz<\/td><\/tr><tr><td><\/td><td>Dr. Angelika Zerwes, 1e voorzitster van de Vereniging Erfgoed en Museum Rhede<\/td><\/tr><\/tbody><\/table><\/figure>","protected":false},"excerpt":{"rendered":"<p>Vrienden van het museum zetten zich in voor Villa Medica Een levendig museum heeft veel supporters en sponsors nodig. Daarom werd in 2014 de &#8220;F\u00f6rderkreis Medizin- und Apothekenmuseum e.V.&#8221;. opgericht. Zij ondersteunt het museum met financi\u00eble middelen, advies en vrijwilligerswerk. De F\u00f6rderkreis ondersteunt het culturele programma in Villa Medica. Sinds de heropening in de zomer [&hellip;]<\/p>\n","protected":false},"author":1,"featured_media":0,"parent":0,"menu_order":0,"comment_status":"closed","ping_status":"closed","template":"wp-custom-template-bild-links-text-rechts","meta":{"_acf_changed":false,"footnotes":""},"class_list":["post-869","page","type-page","status-publish","hentry"],"acf":[],"_links":{"self":[{"href":"https:\/\/museum-villa-medica.de\/nl\/wp-json\/wp\/v2\/pages\/869","targetHints":{"allow":["GET"]}}],"collection":[{"href":"https:\/\/museum-villa-medica.de\/nl\/wp-json\/wp\/v2\/pages"}],"about":[{"href":"https:\/\/museum-villa-medica.de\/nl\/wp-json\/wp\/v2\/types\/page"}],"author":[{"embeddable":true,"href":"https:\/\/museum-villa-medica.de\/nl\/wp-json\/wp\/v2\/users\/1"}],"replies":[{"embeddable":true,"href":"https:\/\/museum-villa-medica.de\/nl\/wp-json\/wp\/v2\/comments?post=869"}],"version-history":[{"count":9,"href":"https:\/\/museum-villa-medica.de\/nl\/wp-json\/wp\/v2\/pages\/869\/revisions"}],"predecessor-version":[{"id":1162,"href":"https:\/\/museum-villa-medica.de\/nl\/wp-json\/wp\/v2\/pages\/869\/revisions\/1162"}],"wp:attachment":[{"href":"https:\/\/museum-villa-medica.de\/nl\/wp-json\/wp\/v2\/media?parent=869"}],"curies":[{"name":"wp","href":"https:\/\/api.w.org\/{rel}","templated":true}]}}